{"id":9825,"date":"2023-09-11T16:56:13","date_gmt":"2023-09-11T16:56:13","guid":{"rendered":"http:\/\/marinadevilamoura.com\/ofertas-de-emprego\/"},"modified":"2024-11-25T17:27:59","modified_gmt":"2024-11-25T17:27:59","slug":"ofertas-de-emprego","status":"publish","type":"page","link":"https:\/\/marinadevilamoura.com\/pt-pt\/ofertas-de-emprego\/","title":{"rendered":"Ofertas de Emprego"},"content":{"rendered":"\t\t<div data-elementor-type=\"wp-page\" data-elementor-id=\"9825\" class=\"elementor elementor-9825 elementor-3059\" data-elementor-post-type=\"page\">\n\t\t\t\t\t\t<section class=\"elementor-section elementor-top-section elementor-element elementor-element-6ead0c0 elementor-section-full_width elementor-section-height-min-height elementor-section-content-middle elementor-section-height-default elementor-section-items-middle\" data-id=\"6ead0c0\" data-element_type=\"section\" data-e-type=\"section\" data-settings=\"{&quot;background_background&quot;:&quot;classic&quot;}\">\n\t\t\t\t\t\t\t<div class=\"elementor-background-overlay\"><\/div>\n\t\t\t\t\t\t\t<div class=\"elementor-container elementor-column-gap-default\">\n\t\t\t\t\t<div class=\"elementor-column elementor-col-100 elementor-top-column elementor-element elementor-element-d0a3c70\" data-id=\"d0a3c70\" data-element_type=\"column\" data-e-type=\"column\">\n\t\t\t<div class=\"elementor-widget-wrap elementor-element-populated\">\n\t\t\t\t\t\t<section class=\"elementor-section elementor-inner-section elementor-element elementor-element-7c40e7a elementor-section-boxed elementor-section-height-default elementor-section-height-default\" data-id=\"7c40e7a\" data-element_type=\"section\" data-e-type=\"section\">\n\t\t\t\t\t\t<div class=\"elementor-container elementor-column-gap-default\">\n\t\t\t\t\t<div class=\"elementor-column elementor-col-100 elementor-inner-column elementor-element elementor-element-0e9472c\" data-id=\"0e9472c\" data-element_type=\"column\" data-e-type=\"column\">\n\t\t\t<div class=\"elementor-widget-wrap elementor-element-populated\">\n\t\t\t\t\t\t<div class=\"elementor-element elementor-element-bcc7d39 elementor-widget elementor-widget-heading\" data-id=\"bcc7d39\" data-element_type=\"widget\" data-e-type=\"widget\" data-widget_type=\"heading.default\">\n\t\t\t\t<div class=\"elementor-widget-container\">\n\t\t\t\t\t<h1 class=\"elementor-heading-title elementor-size-default\">Ofertas de Emprego<\/h1>\t\t\t\t<\/div>\n\t\t\t\t<\/div>\n\t\t\t\t\t<\/div>\n\t\t<\/div>\n\t\t\t\t\t<\/div>\n\t\t<\/section>\n\t\t\t\t\t<\/div>\n\t\t<\/div>\n\t\t\t\t\t<\/div>\n\t\t<\/section>\n\t\t\t\t<section class=\"elementor-section elementor-top-section elementor-element elementor-element-41ebf9f elementor-section-full_width elementor-section-height-default elementor-section-height-default\" data-id=\"41ebf9f\" data-element_type=\"section\" data-e-type=\"section\">\n\t\t\t\t\t\t<div class=\"elementor-container elementor-column-gap-default\">\n\t\t\t\t\t<div class=\"elementor-column elementor-col-100 elementor-top-column elementor-element elementor-element-a56dac2\" data-id=\"a56dac2\" data-element_type=\"column\" data-e-type=\"column\">\n\t\t\t<div class=\"elementor-widget-wrap elementor-element-populated\">\n\t\t\t\t\t\t<div class=\"elementor-element elementor-element-81dc38c elementor-widget elementor-widget-heading\" data-id=\"81dc38c\" data-element_type=\"widget\" data-e-type=\"widget\" data-widget_type=\"heading.default\">\n\t\t\t\t<div class=\"elementor-widget-container\">\n\t\t\t\t\t<h5 class=\"elementor-heading-title elementor-size-default\">SCROLL<\/h5>\t\t\t\t<\/div>\n\t\t\t\t<\/div>\n\t\t\t\t<section class=\"elementor-section elementor-inner-section elementor-element elementor-element-6fbef09 elementor-section-full_width elementor-section-content-middle elementor-section-height-default elementor-section-height-default\" data-id=\"6fbef09\" data-element_type=\"section\" data-e-type=\"section\">\n\t\t\t\t\t\t<div class=\"elementor-container elementor-column-gap-default\">\n\t\t\t\t\t<div class=\"elementor-column elementor-col-50 elementor-inner-column elementor-element elementor-element-2768959\" data-id=\"2768959\" data-element_type=\"column\" data-e-type=\"column\">\n\t\t\t<div class=\"elementor-widget-wrap\">\n\t\t\t\t\t\t\t<\/div>\n\t\t<\/div>\n\t\t\t\t<div class=\"elementor-column elementor-col-50 elementor-inner-column elementor-element elementor-element-098b568\" data-id=\"098b568\" data-element_type=\"column\" data-e-type=\"column\">\n\t\t\t<div class=\"elementor-widget-wrap elementor-element-populated\">\n\t\t\t\t\t\t<div class=\"elementor-element elementor-element-93aa9b7 elementor-widget elementor-widget-spacer\" data-id=\"93aa9b7\" data-element_type=\"widget\" data-e-type=\"widget\" data-widget_type=\"spacer.default\">\n\t\t\t\t<div class=\"elementor-widget-container\">\n\t\t\t\t\t\t\t<div class=\"elementor-spacer\">\n\t\t\t<div class=\"elementor-spacer-inner\"><\/div>\n\t\t<\/div>\n\t\t\t\t\t\t<\/div>\n\t\t\t\t<\/div>\n\t\t\t\t\t<\/div>\n\t\t<\/div>\n\t\t\t\t\t<\/div>\n\t\t<\/section>\n\t\t\t\t<section class=\"elementor-section elementor-inner-section elementor-element elementor-element-b538b85 elementor-section-full_width elementor-section-content-middle elementor-section-height-default elementor-section-height-default\" data-id=\"b538b85\" data-element_type=\"section\" data-e-type=\"section\">\n\t\t\t\t\t\t<div class=\"elementor-container elementor-column-gap-default\">\n\t\t\t\t\t<div class=\"elementor-column elementor-col-100 elementor-inner-column elementor-element elementor-element-581440f\" data-id=\"581440f\" data-element_type=\"column\" data-e-type=\"column\">\n\t\t\t<div class=\"elementor-widget-wrap elementor-element-populated\">\n\t\t\t\t\t\t<div class=\"elementor-element elementor-element-8b3506c elementor-view-default elementor-widget elementor-widget-icon\" data-id=\"8b3506c\" data-element_type=\"widget\" data-e-type=\"widget\" data-widget_type=\"icon.default\">\n\t\t\t\t<div class=\"elementor-widget-container\">\n\t\t\t\t\t\t\t<div class=\"elementor-icon-wrapper\">\n\t\t\t<div class=\"elementor-icon\">\n\t\t\t<svg xmlns=\"http:\/\/www.w3.org\/2000\/svg\" xmlns:xlink=\"http:\/\/www.w3.org\/1999\/xlink\" x=\"0px\" y=\"0px\" viewBox=\"0 0 725.5 709.18\" style=\"enable-background:new 0 0 725.5 709.18;\" xml:space=\"preserve\"><g id=\"Vilamoura_x5F_Logo\">\t<path id=\"Logotype\" d=\"M790.74,342.7h144.89c55.4,164.49,128.69,330.68,221.59,495.17l106.53-205.4  c30.68-59.66,46.87-110.8,46.87-166.19c0-38.35-8.52-80.97-25.57-123.58h161.93l-272.73,525.85v70.74h-93.75  C1029.38,740.72,927.11,541.28,790.74,342.7z M1536.48,641c0-98.01-8.52-200.28-29.83-298.3h136.36  c-21.31,98.01-29.83,200.29-29.83,298.3c0,98.01,8.52,200.28,29.83,298.3h-136.36C1527.96,841.28,1536.48,739.01,1536.48,641z   M1800.68,641c0-98.01-8.52-200.28-29.83-298.3h136.36c-21.31,98.01-29.83,200.29-29.83,298.3c0,89.49,6.82,182.39,24.72,272.73  h22.16c68.18,0,226.7-34.09,291.48-158.52l177.27-341.76V342.7h93.75c48.58,190.06,144.89,380.97,272.73,571.88V405.77  l-42.62-63.07h153.41c47.73,163.64,134.66,352.84,222.44,490.91l246.31-490.91h136.36c-21.3,98.01-29.83,200.29-29.83,298.3  c0,98.01,8.53,200.28,29.83,298.3h-136.36c21.3-98.01,29.83-200.28,29.83-298.3c0-82.67-5.97-167.9-20.45-252.27L3108.92,866v73.29  h-93.75c-42.62-164.49-125.28-328.98-230.11-493.47V939.3h-153.41c-23.01-68.18-48.58-136.37-78.41-204.54h-232.67  c-54.55,0-76.7,26.42-93.75,59.66l-74.15,144.89h-381.82C1792.16,841.28,1800.68,739.01,1800.68,641z M2542.16,709.18  c-38.35-89.49-83.52-178.12-133.81-267.62l-137.22,267.62H2542.16z M3891.78,334.18c169.6,0,306.82,120.17,306.82,289.77  s-128.69,323.86-323.86,323.86c-169.6,0-306.82-120.17-306.82-289.77S3696.61,334.18,3891.78,334.18z M3908.83,922.25  c144.03,0,196.02-115.91,196.02-251.42s-94.6-311.08-247.16-311.08c-135.51,0-196.02,115.91-196.02,251.42  C3661.67,746.68,3739.23,922.25,3908.83,922.25z M4410.44,342.7c-21.31,98.01-29.83,200.29-29.83,298.3  c0,205.4,94.6,281.25,213.07,281.25c118.47,0,217.33-67.33,217.33-272.73v-17.05c0-138.92-56.25-221.59-136.37-289.77h161.93  v306.82c0,192.61-94.6,298.29-251.42,298.29c-207.95,0-281.25-114.2-281.25-306.82c0-98.01-8.52-200.28-29.83-298.3H4410.44z   M4983.26,641c0-98.01-8.52-200.28-29.83-298.3h298.3c134.66,0,272.73,25.57,272.73,144.89c0,136.37-155.11,161.93-272.73,161.93  h-74.15c29.83,127.84,286.36,107.39,385.23,199.43l225.85-435.51V342.7h93.75c51.14,198.58,153.41,398.01,289.77,596.59H6027.3  c-23.01-68.18-48.58-136.37-78.41-204.54h-232.67c-54.55,0-76.7,26.42-93.75,59.66l-40.06,78.41  c11.93,17.9,18.75,40.06,18.75,66.48h-144.89c0-115.06-306.82-114.21-306.82-315.34h85.23c89.49,0,178.98-34.09,178.98-127.84  c0-93.75-89.49-127.84-178.98-127.84h-150c-17.9,90.34-24.72,183.24-24.72,272.73c0,98.01,8.52,200.28,29.83,298.3h-136.36  C4974.74,841.28,4983.26,739.01,4983.26,641z M5937.81,709.18c-38.35-89.49-83.52-178.12-133.81-267.62l-137.22,267.62H5937.81z\"><\/path>\t<path id=\"Symbol\" d=\"M31.74,440.89l206.01-80.65c20.16-7.89,37.69-9.64,51.72-9.64c43.83,0,64.87,25.42,69.25,55.23  c1.75-29.8,22.79-55.23,65.75-55.23c14.9,0,31.56,1.75,51.72,9.64l204.25,80.65l-120.1,137.63  c-23.67-113.08-90.29-190.22-133.25-190.22c-28.93,0-40.32,28.05-40.32,64.87c0,39.45,14.9,100.81,54.35,196.36H271.05  c39.45-95.55,54.35-156.92,54.35-196.36c0-36.82-10.52-64.87-38.57-64.87c-42.08,0-112.21,77.14-135,190.22L31.74,440.89z   M356.09,315.53c8.77,0,35.07-0.88,65.75-25.42l192.86-156.04L474.43,35.89c-11.4,163.93-89.42,243.7-118.34,243.7  c-28.93,0-106.95-79.77-118.34-243.7L97.48,134.07l192.86,156.04C321.02,314.66,347.32,315.53,356.09,315.53z\"><\/path><\/g><g id=\"Safety_Margins\"><\/g><\/svg>\t\t\t<\/div>\n\t\t<\/div>\n\t\t\t\t\t\t<\/div>\n\t\t\t\t<\/div>\n\t\t\t\t\t<\/div>\n\t\t<\/div>\n\t\t\t\t\t<\/div>\n\t\t<\/section>\n\t\t\t\t\t<\/div>\n\t\t<\/div>\n\t\t\t\t\t<\/div>\n\t\t<\/section>\n\t\t\t\t<section class=\"elementor-section elementor-top-section elementor-element elementor-element-2911aa1 elementor-section-full_width elementor-section-height-default elementor-section-height-default\" data-id=\"2911aa1\" data-element_type=\"section\" data-e-type=\"section\">\n\t\t\t\t\t\t<div class=\"elementor-container elementor-column-gap-default\">\n\t\t\t\t\t<div class=\"elementor-column elementor-col-100 elementor-top-column elementor-element elementor-element-c834bbd\" data-id=\"c834bbd\" data-element_type=\"column\" data-e-type=\"column\">\n\t\t\t<div class=\"elementor-widget-wrap elementor-element-populated\">\n\t\t\t\t\t\t<section class=\"elementor-section elementor-inner-section elementor-element elementor-element-7df9933 elementor-section-boxed elementor-section-height-default elementor-section-height-default\" data-id=\"7df9933\" data-element_type=\"section\" data-e-type=\"section\">\n\t\t\t\t\t\t<div class=\"elementor-container elementor-column-gap-default\">\n\t\t\t\t\t<div class=\"elementor-column elementor-col-50 elementor-inner-column elementor-element elementor-element-951d384\" data-id=\"951d384\" data-element_type=\"column\" data-e-type=\"column\">\n\t\t\t<div class=\"elementor-widget-wrap elementor-element-populated\">\n\t\t\t\t\t\t<div class=\"elementor-element elementor-element-1d214be elementor-widget elementor-widget-heading\" data-id=\"1d214be\" data-element_type=\"widget\" data-e-type=\"widget\" data-widget_type=\"heading.default\">\n\t\t\t\t<div class=\"elementor-widget-container\">\n\t\t\t\t\t<h2 class=\"elementor-heading-title elementor-size-default\">Uma localiza\u00e7\u00e3o extraordin\u00e1ria <span class=\"Hero-title-small-text\">para <\/span>trabalhar<\/h2>\t\t\t\t<\/div>\n\t\t\t\t<\/div>\n\t\t\t\t\t<\/div>\n\t\t<\/div>\n\t\t\t\t<div class=\"elementor-column elementor-col-50 elementor-inner-column elementor-element elementor-element-cdfa2c8\" data-id=\"cdfa2c8\" data-element_type=\"column\" data-e-type=\"column\">\n\t\t\t<div class=\"elementor-widget-wrap\">\n\t\t\t\t\t\t\t<\/div>\n\t\t<\/div>\n\t\t\t\t\t<\/div>\n\t\t<\/section>\n\t\t\t\t<section class=\"elementor-section elementor-inner-section elementor-element elementor-element-a6facae elementor-section-content-middle elementor-section-boxed elementor-section-height-default elementor-section-height-default\" data-id=\"a6facae\" data-element_type=\"section\" data-e-type=\"section\">\n\t\t\t\t\t\t<div class=\"elementor-container elementor-column-gap-default\">\n\t\t\t\t\t<div class=\"elementor-column elementor-col-50 elementor-inner-column elementor-element elementor-element-94f167f animated-slow elementor-invisible\" data-id=\"94f167f\" data-element_type=\"column\" data-e-type=\"column\" data-settings=\"{&quot;animation&quot;:&quot;fadeIn&quot;,&quot;animation_delay&quot;:400}\">\n\t\t\t<div class=\"elementor-widget-wrap\">\n\t\t\t\t\t\t\t<\/div>\n\t\t<\/div>\n\t\t\t\t<div class=\"elementor-column elementor-col-50 elementor-inner-column elementor-element elementor-element-cd21a5f\" data-id=\"cd21a5f\" data-element_type=\"column\" data-e-type=\"column\">\n\t\t\t<div class=\"elementor-widget-wrap elementor-element-populated\">\n\t\t\t\t\t\t<div class=\"elementor-element elementor-element-c40cc93 elementor-widget elementor-widget-text-editor\" data-id=\"c40cc93\" data-element_type=\"widget\" data-e-type=\"widget\" data-widget_type=\"text-editor.default\">\n\t\t\t\t<div class=\"elementor-widget-container\">\n\t\t\t\t\t\t\t\t\t<p>Estou sempre \u00e0 procura de profissionais motivados e empenhados.<\/p>\n<p>Descubra as nossas oportunidades de carreira.<\/p>\n<p>Junte-se \u00e0 nossa equipa: recursos_humanos@vilamouraworld.com<\/p>\n\t\t\t\t\t\t\t\t<\/div>\n\t\t\t\t<\/div>\n\t\t\t\t\t<\/div>\n\t\t<\/div>\n\t\t\t\t\t<\/div>\n\t\t<\/section>\n\t\t\t\t\t<\/div>\n\t\t<\/div>\n\t\t\t\t\t<\/div>\n\t\t<\/section>\n\t\t\t\t<section class=\"elementor-section elementor-top-section elementor-element elementor-element-999b33c elementor-section-boxed elementor-section-height-default elementor-section-height-default\" data-id=\"999b33c\" data-element_type=\"section\" data-e-type=\"section\">\n\t\t\t\t\t\t<div class=\"elementor-container elementor-column-gap-default\">\n\t\t\t\t\t<div class=\"elementor-column elementor-col-100 elementor-top-column elementor-element elementor-element-c86425b\" data-id=\"c86425b\" data-element_type=\"column\" data-e-type=\"column\">\n\t\t\t<div class=\"elementor-widget-wrap elementor-element-populated\">\n\t\t\t\t\t\t\t<\/div>\n\t\t<\/div>\n\t\t\t\t\t<\/div>\n\t\t<\/section>\n\t\t\t\t<\/div>\n\t\t","protected":false},"excerpt":{"rendered":"<p>Ofertas de Emprego SCROLL Uma localiza\u00e7\u00e3o extraordin\u00e1ria para trabalhar Estou sempre \u00e0 procura de profissionais motivados e empenhados. Descubra as nossas oportunidades de carreira. Junte-se \u00e0 nossa equipa: recursos_humanos@vilamouraworld.com<\/p>\n","protected":false},"author":1,"featured_media":6685,"parent":0,"menu_order":0,"comment_status":"closed","ping_status":"closed","template":"elementor_header_footer","meta":{"footnotes":""},"class_list":["post-9825","page","type-page","status-publish","has-post-thumbnail","hentry"],"yoast_head":"<!-- This site is optimized with the Yoast SEO plugin v27.1.1 - https:\/\/yoast.com\/product\/yoast-seo-wordpress\/ -->\n<title>Ofertas de Emprego em Vilamoura, Algarve - Marina Vilamoura<\/title>\n<meta name=\"description\" content=\"Estou sempre \u00e0 procura de profissionais motivados e empenhados. Descubra as nossas oportunidades de carreira. Junte-se \u00e0 nossa equipa.\" \/>\n<meta name=\"robots\" content=\"index, follow, max-snippet:-1, max-image-preview:large, max-video-preview:-1\" \/>\n<link rel=\"canonical\" href=\"https:\/\/marinadevilamoura.com\/job-offers\/\" \/>\n<meta property=\"og:locale\" content=\"pt_PT\" \/>\n<meta property=\"og:type\" content=\"article\" \/>\n<meta property=\"og:title\" content=\"Ofertas de Emprego em Vilamoura, Algarve - Marina Vilamoura\" \/>\n<meta property=\"og:description\" content=\"Estou sempre \u00e0 procura de profissionais motivados e empenhados. Descubra as nossas oportunidades de carreira. Junte-se \u00e0 nossa equipa.\" \/>\n<meta property=\"og:url\" content=\"https:\/\/marinadevilamoura.com\/job-offers\/\" \/>\n<meta property=\"og:site_name\" content=\"Marina de Vilamoura\" \/>\n<meta property=\"article:modified_time\" content=\"2024-11-25T17:27:59+00:00\" \/>\n<meta property=\"og:image\" content=\"https:\/\/marinadevilamoura.com\/wp-content\/uploads\/2024\/04\/Vilamoura-World_office-2-scaled.jpg\" \/>\n\t<meta property=\"og:image:width\" content=\"2560\" \/>\n\t<meta property=\"og:image:height\" content=\"1708\" \/>\n\t<meta property=\"og:image:type\" content=\"image\/jpeg\" \/>\n<meta name=\"twitter:card\" content=\"summary_large_image\" \/>\n<meta name=\"twitter:label1\" content=\"Tempo estimado de leitura\" \/>\n\t<meta name=\"twitter:data1\" content=\"1 minuto\" \/>\n<script type=\"application\/ld+json\" class=\"yoast-schema-graph\">{\"@context\":\"https:\/\/schema.org\",\"@graph\":[{\"@type\":\"WebPage\",\"@id\":\"https:\/\/marinadevilamoura.com\/job-offers\/\",\"url\":\"https:\/\/marinadevilamoura.com\/job-offers\/\",\"name\":\"Ofertas de Emprego em Vilamoura, Algarve - Marina Vilamoura\",\"isPartOf\":{\"@id\":\"https:\/\/marinadevilamoura.com\/#website\"},\"primaryImageOfPage\":{\"@id\":\"https:\/\/marinadevilamoura.com\/job-offers\/#primaryimage\"},\"image\":{\"@id\":\"https:\/\/marinadevilamoura.com\/job-offers\/#primaryimage\"},\"thumbnailUrl\":\"https:\/\/marinadevilamoura.com\/wp-content\/uploads\/2024\/04\/Vilamoura-World_office-2-scaled.jpg\",\"datePublished\":\"2023-09-11T16:56:13+00:00\",\"dateModified\":\"2024-11-25T17:27:59+00:00\",\"description\":\"Estou sempre \u00e0 procura de profissionais motivados e empenhados. Descubra as nossas oportunidades de carreira. Junte-se \u00e0 nossa equipa.\",\"breadcrumb\":{\"@id\":\"https:\/\/marinadevilamoura.com\/job-offers\/#breadcrumb\"},\"inLanguage\":\"pt-PT\",\"potentialAction\":[{\"@type\":\"ReadAction\",\"target\":[\"https:\/\/marinadevilamoura.com\/job-offers\/\"]}]},{\"@type\":\"ImageObject\",\"inLanguage\":\"pt-PT\",\"@id\":\"https:\/\/marinadevilamoura.com\/job-offers\/#primaryimage\",\"url\":\"https:\/\/marinadevilamoura.com\/wp-content\/uploads\/2024\/04\/Vilamoura-World_office-2-scaled.jpg\",\"contentUrl\":\"https:\/\/marinadevilamoura.com\/wp-content\/uploads\/2024\/04\/Vilamoura-World_office-2-scaled.jpg\",\"width\":2560,\"height\":1708,\"caption\":\"Marina Vilamoura rece\u00e7\u00e3o\"},{\"@type\":\"BreadcrumbList\",\"@id\":\"https:\/\/marinadevilamoura.com\/job-offers\/#breadcrumb\",\"itemListElement\":[{\"@type\":\"ListItem\",\"position\":1,\"name\":\"Home\",\"item\":\"https:\/\/marinadevilamoura.com\/pt-pt\/\"},{\"@type\":\"ListItem\",\"position\":2,\"name\":\"Ofertas de Emprego\"}]},{\"@type\":\"WebSite\",\"@id\":\"https:\/\/marinadevilamoura.com\/#website\",\"url\":\"https:\/\/marinadevilamoura.com\/\",\"name\":\"Marina de Vilamoura\",\"description\":\"A multi award winning marina\",\"publisher\":{\"@id\":\"https:\/\/marinadevilamoura.com\/#organization\"},\"potentialAction\":[{\"@type\":\"SearchAction\",\"target\":{\"@type\":\"EntryPoint\",\"urlTemplate\":\"https:\/\/marinadevilamoura.com\/?s={search_term_string}\"},\"query-input\":{\"@type\":\"PropertyValueSpecification\",\"valueRequired\":true,\"valueName\":\"search_term_string\"}}],\"inLanguage\":\"pt-PT\"},{\"@type\":\"Organization\",\"@id\":\"https:\/\/marinadevilamoura.com\/#organization\",\"name\":\"Marina de Vilamoura\",\"url\":\"https:\/\/marinadevilamoura.com\/\",\"logo\":{\"@type\":\"ImageObject\",\"inLanguage\":\"pt-PT\",\"@id\":\"https:\/\/marinadevilamoura.com\/#\/schema\/logo\/image\/\",\"url\":\"https:\/\/marinadevilamoura.com\/wp-content\/uploads\/2023\/07\/logo-marina-vilamoura-white.png\",\"contentUrl\":\"https:\/\/marinadevilamoura.com\/wp-content\/uploads\/2023\/07\/logo-marina-vilamoura-white.png\",\"width\":1200,\"height\":328,\"caption\":\"Marina de Vilamoura\"},\"image\":{\"@id\":\"https:\/\/marinadevilamoura.com\/#\/schema\/logo\/image\/\"}}]}<\/script>\n<!-- \/ Yoast SEO plugin. -->","yoast_head_json":{"title":"Ofertas de Emprego em Vilamoura, Algarve - Marina Vilamoura","description":"Estou sempre \u00e0 procura de profissionais motivados e empenhados. Descubra as nossas oportunidades de carreira. Junte-se \u00e0 nossa equipa.","robots":{"index":"index","follow":"follow","max-snippet":"max-snippet:-1","max-image-preview":"max-image-preview:large","max-video-preview":"max-video-preview:-1"},"canonical":"https:\/\/marinadevilamoura.com\/job-offers\/","og_locale":"pt_PT","og_type":"article","og_title":"Ofertas de Emprego em Vilamoura, Algarve - Marina Vilamoura","og_description":"Estou sempre \u00e0 procura de profissionais motivados e empenhados. Descubra as nossas oportunidades de carreira. Junte-se \u00e0 nossa equipa.","og_url":"https:\/\/marinadevilamoura.com\/job-offers\/","og_site_name":"Marina de Vilamoura","article_modified_time":"2024-11-25T17:27:59+00:00","og_image":[{"width":2560,"height":1708,"url":"https:\/\/marinadevilamoura.com\/wp-content\/uploads\/2024\/04\/Vilamoura-World_office-2-scaled.jpg","type":"image\/jpeg"}],"twitter_card":"summary_large_image","twitter_misc":{"Tempo estimado de leitura":"1 minuto"},"schema":{"@context":"https:\/\/schema.org","@graph":[{"@type":"WebPage","@id":"https:\/\/marinadevilamoura.com\/job-offers\/","url":"https:\/\/marinadevilamoura.com\/job-offers\/","name":"Ofertas de Emprego em Vilamoura, Algarve - Marina Vilamoura","isPartOf":{"@id":"https:\/\/marinadevilamoura.com\/#website"},"primaryImageOfPage":{"@id":"https:\/\/marinadevilamoura.com\/job-offers\/#primaryimage"},"image":{"@id":"https:\/\/marinadevilamoura.com\/job-offers\/#primaryimage"},"thumbnailUrl":"https:\/\/marinadevilamoura.com\/wp-content\/uploads\/2024\/04\/Vilamoura-World_office-2-scaled.jpg","datePublished":"2023-09-11T16:56:13+00:00","dateModified":"2024-11-25T17:27:59+00:00","description":"Estou sempre \u00e0 procura de profissionais motivados e empenhados. Descubra as nossas oportunidades de carreira. Junte-se \u00e0 nossa equipa.","breadcrumb":{"@id":"https:\/\/marinadevilamoura.com\/job-offers\/#breadcrumb"},"inLanguage":"pt-PT","potentialAction":[{"@type":"ReadAction","target":["https:\/\/marinadevilamoura.com\/job-offers\/"]}]},{"@type":"ImageObject","inLanguage":"pt-PT","@id":"https:\/\/marinadevilamoura.com\/job-offers\/#primaryimage","url":"https:\/\/marinadevilamoura.com\/wp-content\/uploads\/2024\/04\/Vilamoura-World_office-2-scaled.jpg","contentUrl":"https:\/\/marinadevilamoura.com\/wp-content\/uploads\/2024\/04\/Vilamoura-World_office-2-scaled.jpg","width":2560,"height":1708,"caption":"Marina Vilamoura rece\u00e7\u00e3o"},{"@type":"BreadcrumbList","@id":"https:\/\/marinadevilamoura.com\/job-offers\/#breadcrumb","itemListElement":[{"@type":"ListItem","position":1,"name":"Home","item":"https:\/\/marinadevilamoura.com\/pt-pt\/"},{"@type":"ListItem","position":2,"name":"Ofertas de Emprego"}]},{"@type":"WebSite","@id":"https:\/\/marinadevilamoura.com\/#website","url":"https:\/\/marinadevilamoura.com\/","name":"Marina de Vilamoura","description":"A multi award winning marina","publisher":{"@id":"https:\/\/marinadevilamoura.com\/#organization"},"potentialAction":[{"@type":"SearchAction","target":{"@type":"EntryPoint","urlTemplate":"https:\/\/marinadevilamoura.com\/?s={search_term_string}"},"query-input":{"@type":"PropertyValueSpecification","valueRequired":true,"valueName":"search_term_string"}}],"inLanguage":"pt-PT"},{"@type":"Organization","@id":"https:\/\/marinadevilamoura.com\/#organization","name":"Marina de Vilamoura","url":"https:\/\/marinadevilamoura.com\/","logo":{"@type":"ImageObject","inLanguage":"pt-PT","@id":"https:\/\/marinadevilamoura.com\/#\/schema\/logo\/image\/","url":"https:\/\/marinadevilamoura.com\/wp-content\/uploads\/2023\/07\/logo-marina-vilamoura-white.png","contentUrl":"https:\/\/marinadevilamoura.com\/wp-content\/uploads\/2023\/07\/logo-marina-vilamoura-white.png","width":1200,"height":328,"caption":"Marina de Vilamoura"},"image":{"@id":"https:\/\/marinadevilamoura.com\/#\/schema\/logo\/image\/"}}]}},"_links":{"self":[{"href":"https:\/\/marinadevilamoura.com\/pt-pt\/wp-json\/wp\/v2\/pages\/9825","targetHints":{"allow":["GET"]}}],"collection":[{"href":"https:\/\/marinadevilamoura.com\/pt-pt\/wp-json\/wp\/v2\/pages"}],"about":[{"href":"https:\/\/marinadevilamoura.com\/pt-pt\/wp-json\/wp\/v2\/types\/page"}],"author":[{"embeddable":true,"href":"https:\/\/marinadevilamoura.com\/pt-pt\/wp-json\/wp\/v2\/users\/1"}],"replies":[{"embeddable":true,"href":"https:\/\/marinadevilamoura.com\/pt-pt\/wp-json\/wp\/v2\/comments?post=9825"}],"version-history":[{"count":5,"href":"https:\/\/marinadevilamoura.com\/pt-pt\/wp-json\/wp\/v2\/pages\/9825\/revisions"}],"predecessor-version":[{"id":11080,"href":"https:\/\/marinadevilamoura.com\/pt-pt\/wp-json\/wp\/v2\/pages\/9825\/revisions\/11080"}],"wp:featuredmedia":[{"embeddable":true,"href":"https:\/\/marinadevilamoura.com\/pt-pt\/wp-json\/wp\/v2\/media\/6685"}],"wp:attachment":[{"href":"https:\/\/marinadevilamoura.com\/pt-pt\/wp-json\/wp\/v2\/media?parent=9825"}],"curies":[{"name":"wp","href":"https:\/\/api.w.org\/{rel}","templated":true}]}}