{"id":11914,"date":"2026-03-28T18:56:08","date_gmt":"2026-03-28T18:56:08","guid":{"rendered":"https:\/\/marinadevilamoura.com\/institucional\/"},"modified":"2026-04-28T14:35:55","modified_gmt":"2026-04-28T14:35:55","slug":"institucional","status":"publish","type":"page","link":"https:\/\/marinadevilamoura.com\/pt-pt\/institucional\/","title":{"rendered":"Institucional"},"content":{"rendered":"\t\t<div data-elementor-type=\"wp-page\" data-elementor-id=\"11914\" class=\"elementor elementor-11914 elementor-11836\" data-elementor-post-type=\"page\">\n\t\t\t\t<div class=\"elementor-element elementor-element-ba4f834 e-con-full e-flex e-con e-parent\" data-id=\"ba4f834\" data-element_type=\"container\" data-e-type=\"container\">\n\t\t<div class=\"elementor-element elementor-element-fc3674e e-con-full e-flex e-con e-child\" data-id=\"fc3674e\" data-element_type=\"container\" data-e-type=\"container\" data-settings=\"{&quot;background_background&quot;:&quot;classic&quot;}\">\n\t\t<div class=\"elementor-element elementor-element-b0513e5 e-con-full e-flex e-con e-child\" data-id=\"b0513e5\" data-element_type=\"container\" data-e-type=\"container\">\n\t\t<div class=\"elementor-element elementor-element-2b5e0c2 e-con-full e-flex e-con e-child\" data-id=\"2b5e0c2\" data-element_type=\"container\" data-e-type=\"container\">\n\t\t<div class=\"elementor-element elementor-element-afa1a4a e-con-full e-flex e-con e-child\" data-id=\"afa1a4a\" data-element_type=\"container\" data-e-type=\"container\">\n\t\t\t\t<div class=\"elementor-element elementor-element-cf1307f elementor-widget__width-initial elementor-widget elementor-widget-heading\" data-id=\"cf1307f\" data-element_type=\"widget\" data-e-type=\"widget\" data-widget_type=\"heading.default\">\n\t\t\t\t<div class=\"elementor-widget-container\">\n\t\t\t\t\t<h1 class=\"elementor-heading-title elementor-size-default\">Institucional<\/h1>\t\t\t\t<\/div>\n\t\t\t\t<\/div>\n\t\t\t\t<\/div>\n\t\t\t\t<\/div>\n\t\t\t\t<\/div>\n\t\t\t\t<\/div>\n\t\t<div class=\"elementor-element elementor-element-e34b58e e-flex e-con-boxed e-con e-child\" data-id=\"e34b58e\" data-element_type=\"container\" data-e-type=\"container\">\n\t\t\t\t\t<div class=\"e-con-inner\">\n\t\t<div class=\"elementor-element elementor-element-b3445b5 e-con-full e-grid e-con e-child\" data-id=\"b3445b5\" data-element_type=\"container\" data-e-type=\"container\" data-settings=\"{&quot;background_background&quot;:&quot;classic&quot;,&quot;animation&quot;:&quot;none&quot;}\">\n\t\t<a class=\"elementor-element elementor-element-fb1c00e e-con-full e-flex e-con e-child\" data-id=\"fb1c00e\" data-element_type=\"container\" data-e-type=\"container\" data-settings=\"{&quot;background_background&quot;:&quot;classic&quot;}\" href=\"https:\/\/marinadevilamoura.com\/wp-content\/uploads\/2026\/04\/Codigo_Conduta-Assedio-Direitos-Humanos-MV.pdf\" target=\"_blank\">\n\t\t\t\t<div class=\"elementor-element elementor-element-74348cf elementor-widget elementor-widget-heading\" data-id=\"74348cf\" data-element_type=\"widget\" data-e-type=\"widget\" data-widget_type=\"heading.default\">\n\t\t\t\t<div class=\"elementor-widget-container\">\n\t\t\t\t\t<div class=\"elementor-heading-title elementor-size-default\">C\u00f3digo de Conduta: Ass\u00e9dio e Direitos Humanos<\/div>\t\t\t\t<\/div>\n\t\t\t\t<\/div>\n\t\t\t\t<\/a>\n\t\t<a class=\"elementor-element elementor-element-e12feee e-con-full e-flex e-con e-child\" data-id=\"e12feee\" data-element_type=\"container\" data-e-type=\"container\" data-settings=\"{&quot;background_background&quot;:&quot;classic&quot;}\" href=\"https:\/\/marinadevilamoura.com\/wp-content\/uploads\/2026\/04\/Plano-de-Prevencao-de-Riscos-MV-1.pdf\" target=\"_blank\">\n\t\t\t\t<div class=\"elementor-element elementor-element-e5bf5fd elementor-widget elementor-widget-heading\" data-id=\"e5bf5fd\" data-element_type=\"widget\" data-e-type=\"widget\" data-widget_type=\"heading.default\">\n\t\t\t\t<div class=\"elementor-widget-container\">\n\t\t\t\t\t<div class=\"elementor-heading-title elementor-size-default\">Plano de Preven\u00e7\u00e3o de Riscos<\/div>\t\t\t\t<\/div>\n\t\t\t\t<\/div>\n\t\t\t\t<\/a>\n\t\t<a class=\"elementor-element elementor-element-1182621 e-con-full e-flex e-con e-child\" data-id=\"1182621\" data-element_type=\"container\" data-e-type=\"container\" data-settings=\"{&quot;background_background&quot;:&quot;classic&quot;}\" href=\"https:\/\/marinadevilamoura.com\/wp-content\/uploads\/2026\/04\/Regulamento-Canal-denuncias-Marina-Vilamoura-SA-1.pdf\" target=\"_blank\">\n\t\t\t\t<div class=\"elementor-element elementor-element-9ce1439 elementor-widget elementor-widget-heading\" data-id=\"9ce1439\" data-element_type=\"widget\" data-e-type=\"widget\" data-widget_type=\"heading.default\">\n\t\t\t\t<div class=\"elementor-widget-container\">\n\t\t\t\t\t<div class=\"elementor-heading-title elementor-size-default\">Regulamento do Canal de Den\u00fancias<\/div>\t\t\t\t<\/div>\n\t\t\t\t<\/div>\n\t\t\t\t<\/a>\n\t\t\t\t<\/div>\n\t\t\t\t\t<\/div>\n\t\t\t\t<\/div>\n\t\t\t\t<\/div>\n\t\t\t\t<\/div>\n\t\t","protected":false},"excerpt":{"rendered":"<p>Institucional C\u00f3digo de Conduta: Ass\u00e9dio e Direitos Humanos Plano de Preven\u00e7\u00e3o de Riscos Regulamento do Canal de Den\u00fancias<\/p>\n","protected":false},"author":12,"featured_media":0,"parent":0,"menu_order":0,"comment_status":"closed","ping_status":"closed","template":"","meta":{"footnotes":""},"class_list":["post-11914","page","type-page","status-publish","hentry"],"yoast_head":"<!-- This site is optimized with the Yoast SEO plugin v27.1.1 - https:\/\/yoast.com\/product\/yoast-seo-wordpress\/ -->\n<title>Institucional - Marina de Vilamoura<\/title>\n<meta name=\"robots\" content=\"index, follow, max-snippet:-1, max-image-preview:large, max-video-preview:-1\" \/>\n<link rel=\"canonical\" href=\"https:\/\/marinadevilamoura.com\/pt-pt\/institucional\/\" \/>\n<meta property=\"og:locale\" content=\"pt_PT\" \/>\n<meta property=\"og:type\" content=\"article\" \/>\n<meta property=\"og:title\" content=\"Institucional - Marina de Vilamoura\" \/>\n<meta property=\"og:description\" content=\"Institucional C\u00f3digo de Conduta: Ass\u00e9dio e Direitos Humanos Plano de Preven\u00e7\u00e3o de Riscos Regulamento do Canal de Den\u00fancias\" \/>\n<meta property=\"og:url\" content=\"https:\/\/marinadevilamoura.com\/pt-pt\/institucional\/\" \/>\n<meta property=\"og:site_name\" content=\"Marina de Vilamoura\" \/>\n<meta property=\"article:modified_time\" content=\"2026-04-28T14:35:55+00:00\" \/>\n<meta name=\"twitter:card\" content=\"summary_large_image\" \/>\n<meta name=\"twitter:label1\" content=\"Tempo estimado de leitura\" \/>\n\t<meta name=\"twitter:data1\" content=\"1 minuto\" \/>\n<script type=\"application\/ld+json\" class=\"yoast-schema-graph\">{\"@context\":\"https:\/\/schema.org\",\"@graph\":[{\"@type\":\"WebPage\",\"@id\":\"https:\/\/marinadevilamoura.com\/pt-pt\/institucional\/\",\"url\":\"https:\/\/marinadevilamoura.com\/pt-pt\/institucional\/\",\"name\":\"Institucional - Marina de Vilamoura\",\"isPartOf\":{\"@id\":\"https:\/\/marinadevilamoura.com\/#website\"},\"datePublished\":\"2026-03-28T18:56:08+00:00\",\"dateModified\":\"2026-04-28T14:35:55+00:00\",\"breadcrumb\":{\"@id\":\"https:\/\/marinadevilamoura.com\/pt-pt\/institucional\/#breadcrumb\"},\"inLanguage\":\"pt-PT\",\"potentialAction\":[{\"@type\":\"ReadAction\",\"target\":[\"https:\/\/marinadevilamoura.com\/pt-pt\/institucional\/\"]}]},{\"@type\":\"BreadcrumbList\",\"@id\":\"https:\/\/marinadevilamoura.com\/pt-pt\/institucional\/#breadcrumb\",\"itemListElement\":[{\"@type\":\"ListItem\",\"position\":1,\"name\":\"Home\",\"item\":\"https:\/\/marinadevilamoura.com\/pt-pt\/\"},{\"@type\":\"ListItem\",\"position\":2,\"name\":\"Institucional\"}]},{\"@type\":\"WebSite\",\"@id\":\"https:\/\/marinadevilamoura.com\/#website\",\"url\":\"https:\/\/marinadevilamoura.com\/\",\"name\":\"Marina de Vilamoura\",\"description\":\"A multi award winning marina\",\"publisher\":{\"@id\":\"https:\/\/marinadevilamoura.com\/#organization\"},\"potentialAction\":[{\"@type\":\"SearchAction\",\"target\":{\"@type\":\"EntryPoint\",\"urlTemplate\":\"https:\/\/marinadevilamoura.com\/?s={search_term_string}\"},\"query-input\":{\"@type\":\"PropertyValueSpecification\",\"valueRequired\":true,\"valueName\":\"search_term_string\"}}],\"inLanguage\":\"pt-PT\"},{\"@type\":\"Organization\",\"@id\":\"https:\/\/marinadevilamoura.com\/#organization\",\"name\":\"Marina de Vilamoura\",\"url\":\"https:\/\/marinadevilamoura.com\/\",\"logo\":{\"@type\":\"ImageObject\",\"inLanguage\":\"pt-PT\",\"@id\":\"https:\/\/marinadevilamoura.com\/#\/schema\/logo\/image\/\",\"url\":\"https:\/\/marinadevilamoura.com\/wp-content\/uploads\/2023\/07\/logo-marina-vilamoura-white.png\",\"contentUrl\":\"https:\/\/marinadevilamoura.com\/wp-content\/uploads\/2023\/07\/logo-marina-vilamoura-white.png\",\"width\":1200,\"height\":328,\"caption\":\"Marina de Vilamoura\"},\"image\":{\"@id\":\"https:\/\/marinadevilamoura.com\/#\/schema\/logo\/image\/\"}}]}<\/script>\n<!-- \/ Yoast SEO plugin. -->","yoast_head_json":{"title":"Institucional - Marina de Vilamoura","robots":{"index":"index","follow":"follow","max-snippet":"max-snippet:-1","max-image-preview":"max-image-preview:large","max-video-preview":"max-video-preview:-1"},"canonical":"https:\/\/marinadevilamoura.com\/pt-pt\/institucional\/","og_locale":"pt_PT","og_type":"article","og_title":"Institucional - Marina de Vilamoura","og_description":"Institucional C\u00f3digo de Conduta: Ass\u00e9dio e Direitos Humanos Plano de Preven\u00e7\u00e3o de Riscos Regulamento do Canal de Den\u00fancias","og_url":"https:\/\/marinadevilamoura.com\/pt-pt\/institucional\/","og_site_name":"Marina de Vilamoura","article_modified_time":"2026-04-28T14:35:55+00:00","twitter_card":"summary_large_image","twitter_misc":{"Tempo estimado de leitura":"1 minuto"},"schema":{"@context":"https:\/\/schema.org","@graph":[{"@type":"WebPage","@id":"https:\/\/marinadevilamoura.com\/pt-pt\/institucional\/","url":"https:\/\/marinadevilamoura.com\/pt-pt\/institucional\/","name":"Institucional - Marina de Vilamoura","isPartOf":{"@id":"https:\/\/marinadevilamoura.com\/#website"},"datePublished":"2026-03-28T18:56:08+00:00","dateModified":"2026-04-28T14:35:55+00:00","breadcrumb":{"@id":"https:\/\/marinadevilamoura.com\/pt-pt\/institucional\/#breadcrumb"},"inLanguage":"pt-PT","potentialAction":[{"@type":"ReadAction","target":["https:\/\/marinadevilamoura.com\/pt-pt\/institucional\/"]}]},{"@type":"BreadcrumbList","@id":"https:\/\/marinadevilamoura.com\/pt-pt\/institucional\/#breadcrumb","itemListElement":[{"@type":"ListItem","position":1,"name":"Home","item":"https:\/\/marinadevilamoura.com\/pt-pt\/"},{"@type":"ListItem","position":2,"name":"Institucional"}]},{"@type":"WebSite","@id":"https:\/\/marinadevilamoura.com\/#website","url":"https:\/\/marinadevilamoura.com\/","name":"Marina de Vilamoura","description":"A multi award winning marina","publisher":{"@id":"https:\/\/marinadevilamoura.com\/#organization"},"potentialAction":[{"@type":"SearchAction","target":{"@type":"EntryPoint","urlTemplate":"https:\/\/marinadevilamoura.com\/?s={search_term_string}"},"query-input":{"@type":"PropertyValueSpecification","valueRequired":true,"valueName":"search_term_string"}}],"inLanguage":"pt-PT"},{"@type":"Organization","@id":"https:\/\/marinadevilamoura.com\/#organization","name":"Marina de Vilamoura","url":"https:\/\/marinadevilamoura.com\/","logo":{"@type":"ImageObject","inLanguage":"pt-PT","@id":"https:\/\/marinadevilamoura.com\/#\/schema\/logo\/image\/","url":"https:\/\/marinadevilamoura.com\/wp-content\/uploads\/2023\/07\/logo-marina-vilamoura-white.png","contentUrl":"https:\/\/marinadevilamoura.com\/wp-content\/uploads\/2023\/07\/logo-marina-vilamoura-white.png","width":1200,"height":328,"caption":"Marina de Vilamoura"},"image":{"@id":"https:\/\/marinadevilamoura.com\/#\/schema\/logo\/image\/"}}]}},"_links":{"self":[{"href":"https:\/\/marinadevilamoura.com\/pt-pt\/wp-json\/wp\/v2\/pages\/11914","targetHints":{"allow":["GET"]}}],"collection":[{"href":"https:\/\/marinadevilamoura.com\/pt-pt\/wp-json\/wp\/v2\/pages"}],"about":[{"href":"https:\/\/marinadevilamoura.com\/pt-pt\/wp-json\/wp\/v2\/types\/page"}],"author":[{"embeddable":true,"href":"https:\/\/marinadevilamoura.com\/pt-pt\/wp-json\/wp\/v2\/users\/12"}],"replies":[{"embeddable":true,"href":"https:\/\/marinadevilamoura.com\/pt-pt\/wp-json\/wp\/v2\/comments?post=11914"}],"version-history":[{"count":4,"href":"https:\/\/marinadevilamoura.com\/pt-pt\/wp-json\/wp\/v2\/pages\/11914\/revisions"}],"predecessor-version":[{"id":11927,"href":"https:\/\/marinadevilamoura.com\/pt-pt\/wp-json\/wp\/v2\/pages\/11914\/revisions\/11927"}],"wp:attachment":[{"href":"https:\/\/marinadevilamoura.com\/pt-pt\/wp-json\/wp\/v2\/media?parent=11914"}],"curies":[{"name":"wp","href":"https:\/\/api.w.org\/{rel}","templated":true}]}}